{"id":9,"date":"2012-11-01T15:24:17","date_gmt":"2012-11-01T15:24:17","guid":{"rendered":"http:\/\/www.informatik.com\/themeforest\/opendoor_carsales\/?page_id=9"},"modified":"2018-11-14T13:24:34","modified_gmt":"2018-11-14T13:24:34","slug":"kontakt-os","status":"publish","type":"page","link":"https:\/\/porsinggaard-biler.dk\/index.php\/kontakt-os","title":{"rendered":"Kontakt Os"},"content":{"rendered":"<p><iframe loading=\"lazy\" src=\"https:\/\/www.google.com\/maps\/embed?pb=!1m18!1m12!1m3!1d10341.741431166785!2d9.657780999999988!3d55.962574!2m3!1f0!2f0!3f0!3m2!1i1024!2i768!4f13.1!3m3!1m2!1s0x0%3A0x619b472ec106dbb6!2sPorsinggaard+Biler+v%2FOscar+Nielsen!5e1!3m2!1sda!2sdk!4v1542201854832\" width=\"700\" height=\"350\" frameborder=\"0\" style=\"border:0\" allowfullscreen><\/iframe><\/p>\n<p>Har du sp\u00f8rgsm\u00e5l vedr\u00f8rende vores biler eller andet er du velkommen til at ringe til os eller udfylde kontakt formularen og sende os en mail. Vi vil besvare din mail hurtigst muligt.<\/p>\n<p>Du er altid velkommen til at kigge en tur forbi Porsinggaard Biler.<\/p>\n","protected":false},"excerpt":{"rendered":"<p>Har du sp\u00f8rgsm\u00e5l vedr\u00f8rende vores biler eller andet er du velkommen til at ringe til [&hellip;]<\/p>\n","protected":false},"author":1,"featured_media":0,"parent":0,"menu_order":0,"comment_status":"open","ping_status":"open","template":"pagetemplate_contact.php","meta":{"footnotes":""},"class_list":["post-9","page","type-page","status-publish","hentry"],"yoast_head":"<!-- This site is optimized with the Yoast SEO plugin v24.8 - https:\/\/yoast.com\/wordpress\/plugins\/seo\/ -->\n<title>Kontakt Os - Porsinggaard Biler<\/title>\n<meta name=\"robots\" content=\"index, follow, max-snippet:-1, max-image-preview:large, max-video-preview:-1\" \/>\n<link rel=\"canonical\" href=\"https:\/\/porsinggaard-biler.dk\/index.php\/kontakt-os\" \/>\n<meta property=\"og:locale\" content=\"da_DK\" \/>\n<meta property=\"og:type\" content=\"article\" \/>\n<meta property=\"og:title\" content=\"Kontakt Os - Porsinggaard Biler\" \/>\n<meta property=\"og:description\" content=\"Har du sp\u00f8rgsm\u00e5l vedr\u00f8rende vores biler eller andet er du velkommen til at ringe til [&hellip;]\" \/>\n<meta property=\"og:url\" content=\"https:\/\/porsinggaard-biler.dk\/index.php\/kontakt-os\" \/>\n<meta property=\"og:site_name\" content=\"Porsinggaard Biler\" \/>\n<meta property=\"article:modified_time\" content=\"2018-11-14T13:24:34+00:00\" \/>\n<meta name=\"twitter:card\" content=\"summary_large_image\" \/>\n<script type=\"application\/ld+json\" class=\"yoast-schema-graph\">{\"@context\":\"https:\/\/schema.org\",\"@graph\":[{\"@type\":\"WebPage\",\"@id\":\"https:\/\/porsinggaard-biler.dk\/index.php\/kontakt-os\",\"url\":\"https:\/\/porsinggaard-biler.dk\/index.php\/kontakt-os\",\"name\":\"Kontakt Os - Porsinggaard Biler\",\"isPartOf\":{\"@id\":\"https:\/\/porsinggaard-biler.dk\/#website\"},\"datePublished\":\"2012-11-01T15:24:17+00:00\",\"dateModified\":\"2018-11-14T13:24:34+00:00\",\"breadcrumb\":{\"@id\":\"https:\/\/porsinggaard-biler.dk\/index.php\/kontakt-os#breadcrumb\"},\"inLanguage\":\"da-DK\",\"potentialAction\":[{\"@type\":\"ReadAction\",\"target\":[\"https:\/\/porsinggaard-biler.dk\/index.php\/kontakt-os\"]}]},{\"@type\":\"BreadcrumbList\",\"@id\":\"https:\/\/porsinggaard-biler.dk\/index.php\/kontakt-os#breadcrumb\",\"itemListElement\":[{\"@type\":\"ListItem\",\"position\":1,\"name\":\"Hjem\",\"item\":\"https:\/\/porsinggaard-biler.dk\/\"},{\"@type\":\"ListItem\",\"position\":2,\"name\":\"Kontakt Os\"}]},{\"@type\":\"WebSite\",\"@id\":\"https:\/\/porsinggaard-biler.dk\/#website\",\"url\":\"https:\/\/porsinggaard-biler.dk\/\",\"name\":\"Porsinggaard Biler\",\"description\":\"Find din brugte bil hos os\",\"publisher\":{\"@id\":\"https:\/\/porsinggaard-biler.dk\/#organization\"},\"potentialAction\":[{\"@type\":\"SearchAction\",\"target\":{\"@type\":\"EntryPoint\",\"urlTemplate\":\"https:\/\/porsinggaard-biler.dk\/?s={search_term_string}\"},\"query-input\":{\"@type\":\"PropertyValueSpecification\",\"valueRequired\":true,\"valueName\":\"search_term_string\"}}],\"inLanguage\":\"da-DK\"},{\"@type\":\"Organization\",\"@id\":\"https:\/\/porsinggaard-biler.dk\/#organization\",\"name\":\"Porsinggaard Biler\",\"url\":\"https:\/\/porsinggaard-biler.dk\/\",\"logo\":{\"@type\":\"ImageObject\",\"inLanguage\":\"da-DK\",\"@id\":\"https:\/\/porsinggaard-biler.dk\/#\/schema\/logo\/image\/\",\"url\":\"https:\/\/porsinggaard-biler.dk\/wp-content\/uploads\/2015\/11\/log21.png\",\"contentUrl\":\"https:\/\/porsinggaard-biler.dk\/wp-content\/uploads\/2015\/11\/log21.png\",\"width\":600,\"height\":110,\"caption\":\"Porsinggaard Biler\"},\"image\":{\"@id\":\"https:\/\/porsinggaard-biler.dk\/#\/schema\/logo\/image\/\"}}]}<\/script>\n<!-- \/ Yoast SEO plugin. -->","yoast_head_json":{"title":"Kontakt Os - Porsinggaard Biler","robots":{"index":"index","follow":"follow","max-snippet":"max-snippet:-1","max-image-preview":"max-image-preview:large","max-video-preview":"max-video-preview:-1"},"canonical":"https:\/\/porsinggaard-biler.dk\/index.php\/kontakt-os","og_locale":"da_DK","og_type":"article","og_title":"Kontakt Os - Porsinggaard Biler","og_description":"Har du sp\u00f8rgsm\u00e5l vedr\u00f8rende vores biler eller andet er du velkommen til at ringe til [&hellip;]","og_url":"https:\/\/porsinggaard-biler.dk\/index.php\/kontakt-os","og_site_name":"Porsinggaard Biler","article_modified_time":"2018-11-14T13:24:34+00:00","twitter_card":"summary_large_image","schema":{"@context":"https:\/\/schema.org","@graph":[{"@type":"WebPage","@id":"https:\/\/porsinggaard-biler.dk\/index.php\/kontakt-os","url":"https:\/\/porsinggaard-biler.dk\/index.php\/kontakt-os","name":"Kontakt Os - Porsinggaard Biler","isPartOf":{"@id":"https:\/\/porsinggaard-biler.dk\/#website"},"datePublished":"2012-11-01T15:24:17+00:00","dateModified":"2018-11-14T13:24:34+00:00","breadcrumb":{"@id":"https:\/\/porsinggaard-biler.dk\/index.php\/kontakt-os#breadcrumb"},"inLanguage":"da-DK","potentialAction":[{"@type":"ReadAction","target":["https:\/\/porsinggaard-biler.dk\/index.php\/kontakt-os"]}]},{"@type":"BreadcrumbList","@id":"https:\/\/porsinggaard-biler.dk\/index.php\/kontakt-os#breadcrumb","itemListElement":[{"@type":"ListItem","position":1,"name":"Hjem","item":"https:\/\/porsinggaard-biler.dk\/"},{"@type":"ListItem","position":2,"name":"Kontakt Os"}]},{"@type":"WebSite","@id":"https:\/\/porsinggaard-biler.dk\/#website","url":"https:\/\/porsinggaard-biler.dk\/","name":"Porsinggaard Biler","description":"Find din brugte bil hos os","publisher":{"@id":"https:\/\/porsinggaard-biler.dk\/#organization"},"potentialAction":[{"@type":"SearchAction","target":{"@type":"EntryPoint","urlTemplate":"https:\/\/porsinggaard-biler.dk\/?s={search_term_string}"},"query-input":{"@type":"PropertyValueSpecification","valueRequired":true,"valueName":"search_term_string"}}],"inLanguage":"da-DK"},{"@type":"Organization","@id":"https:\/\/porsinggaard-biler.dk\/#organization","name":"Porsinggaard Biler","url":"https:\/\/porsinggaard-biler.dk\/","logo":{"@type":"ImageObject","inLanguage":"da-DK","@id":"https:\/\/porsinggaard-biler.dk\/#\/schema\/logo\/image\/","url":"https:\/\/porsinggaard-biler.dk\/wp-content\/uploads\/2015\/11\/log21.png","contentUrl":"https:\/\/porsinggaard-biler.dk\/wp-content\/uploads\/2015\/11\/log21.png","width":600,"height":110,"caption":"Porsinggaard Biler"},"image":{"@id":"https:\/\/porsinggaard-biler.dk\/#\/schema\/logo\/image\/"}}]}},"_links":{"self":[{"href":"https:\/\/porsinggaard-biler.dk\/index.php\/wp-json\/wp\/v2\/pages\/9","targetHints":{"allow":["GET"]}}],"collection":[{"href":"https:\/\/porsinggaard-biler.dk\/index.php\/wp-json\/wp\/v2\/pages"}],"about":[{"href":"https:\/\/porsinggaard-biler.dk\/index.php\/wp-json\/wp\/v2\/types\/page"}],"author":[{"embeddable":true,"href":"https:\/\/porsinggaard-biler.dk\/index.php\/wp-json\/wp\/v2\/users\/1"}],"replies":[{"embeddable":true,"href":"https:\/\/porsinggaard-biler.dk\/index.php\/wp-json\/wp\/v2\/comments?post=9"}],"version-history":[{"count":13,"href":"https:\/\/porsinggaard-biler.dk\/index.php\/wp-json\/wp\/v2\/pages\/9\/revisions"}],"predecessor-version":[{"id":4582,"href":"https:\/\/porsinggaard-biler.dk\/index.php\/wp-json\/wp\/v2\/pages\/9\/revisions\/4582"}],"wp:attachment":[{"href":"https:\/\/porsinggaard-biler.dk\/index.php\/wp-json\/wp\/v2\/media?parent=9"}],"curies":[{"name":"wp","href":"https:\/\/api.w.org\/{rel}","templated":true}]}}