{"id":569,"date":"2015-11-13T10:39:11","date_gmt":"2015-11-13T10:39:11","guid":{"rendered":"http:\/\/www.start-motoren.dk\/?page_id=569"},"modified":"2017-08-29T10:51:33","modified_gmt":"2017-08-29T10:51:33","slug":"garanti","status":"publish","type":"page","link":"https:\/\/porsinggaard-biler.dk\/index.php\/garanti","title":{"rendered":"Garanti"},"content":{"rendered":"<p>Porsinggaard Biler\u00a0 f\u00f8lger naturligvis den nye K\u00f8belov der blev indf\u00f8rt 1\/1-2002.<\/p>\n<h3><strong>L\u00e6s om k\u00f8beloven her :<\/strong><\/h3>\n<p><strong>Den nye k\u00f8belov<\/strong><br \/>\n<strong>\u00c6ndringer i K\u00f8beloven pr. 1. januar 2002<\/strong><\/p>\n<p>Af Niels Gorm Larsen, advokat (L) og Martin Sandager, advokatfuldm\u00e6gtig<\/p>\n<p>Nedenfor omtales de v\u00e6sentligste \u00e6ndringer, som har interesse ved k\u00f8b og salg af brugte biler.<\/p>\n<p>2 \u00e5rs for\u00e6ldelse<\/p>\n<p>Den tidligere 1-\u00e5rs for\u00e6ldelsesfrist er udvidet til 2 \u00e5r. Dette g\u00e6lder alle k\u00f8b, det vil sige b\u00e5de ved handel mellem erhvervsdrivende, mellem private og mellem private og erhvervsdrivende.<br \/>\nDen 2 \u00e5rs for\u00e6ldelsesfrist er ufravigelig ved erhvervsdrivendes salg til privatpersoner. Med andre ord kan en erhvervsdrivende s\u00e6lger ikke overfor en privat k\u00f8ber g\u00f8re for\u00e6ldelsesfristen kortere end 2 \u00e5r. Som med den tidligere regel om 1-\u00e5rs for\u00e6ldelse er 2-\u00e5rs reglen ikke nogen garanti, og k\u00f8beren skal fortsat reklamere rettidigt for ikke at miste sit krav. Den 2-\u00e5rs for\u00e6ldelsesfrist betyder derimod, at k\u00f8beren 2 \u00e5r efter leveringen mister retten til at g\u00f8re s\u00e6lgeren ansvarlig, selv om der er en mangel ved bilen. Dog g\u00e6lder 2-\u00e5rs fristen ikke, hvis s\u00e6lgeren har handlet groft uagtsomt eller svigagtigt.<br \/>\nDer er intet i vejen for, at parterne aftaler en for\u00e6ldelsesfrist, som er l\u00e6ngere end 2 \u00e5r, eksempelvis ved at s\u00e6lgeren giver en garanti af l\u00e6ngere varighed.<br \/>\n2. Omvendt bevisbyrde i 6 m\u00e5neder<\/p>\n<p>Som udgangspunkt er det op til k\u00f8beren at bevise en mangel ved bilen, og at manglen var til stede, da bilen blev leveret.<br \/>\nMed de nye regler i k\u00f8beloven er der indf\u00f8rt en undtagelse, som g\u00e5r ud p\u00e5, at s\u00e6lgeren i de f\u00f8rste 6 m\u00e5neder efter leveringen skal bevise, at en mangel ved bilen ikke var til stede ved leveringen. Den omvendte bevisbyrde best\u00e5r alts\u00e5 i, at k\u00f8beren i de f\u00f8rste 6 m\u00e5neder fritages for at bevise, at manglen var til stede allerede ved leveringen.<br \/>\nDerimod \u00e6ndrer den ny regel ikke ved, at k\u00f8beren har bevisbyrden for, at en opst\u00e5et fejl eller et problem er en mangel, som s\u00e6lgeren er ansvarlig for. Om fejlen er en mangel, afh\u00e6nger fortsat af bilens alder og k\u00f8rte kilometer, s\u00e6lgernes oplysninger og \u00f8vrige omst\u00e6ndigheder i forbindelse med k\u00f8bet.<br \/>\nDet er derfor stadig vigtigt for k\u00f8beren at f\u00e5 alle oplysninger om bilen og alle salgsvilk\u00e5rene skrevet i kontrakten, ligesom k\u00f8beren b\u00f8r unders\u00f8ge bilen grundigt inden k\u00f8bet.<br \/>\n3. Reklamationsfrist<\/p>\n<p>Efter de gamle regler &#8211; fra f\u00f8r 1. januar 2002 &#8211; skulle en privat, som havde k\u00f8bt en bil hos en forhandler reklamere over en mangel &#8220;inden rimelig tid&#8221;. Ellers mistede k\u00f8beren retten til at g\u00f8re s\u00e6lgeren ansvarlig for manglen. Dette g\u00e6lder fortsat.<br \/>\nMed de nye regler er der ved forbrugerk\u00f8b blevet tilf\u00f8jet en bestemmelse om, at reklamation indenfor 2 m\u00e5neder altid anses for at v\u00e6re rettidig.<\/p>\n<p>Garantier skal aftales &#8211; Juraguide &#8211; K\u00f8beloven alene giver ingen garanti<br \/>\nDet er en udbredt opfattelse &#8211; og misforst\u00e5else &#8211; at der efter k\u00f8beloven g\u00e6lder en garanti. Sandheden er, at k\u00f8beloven ikke indeholder bestemmelser om garanti, hverken i to \u00e5r, et \u00e5r eller i kortere tid.<br \/>\nEn garanti p\u00e5 bilen skal derfor v\u00e6re aftalt med s\u00e6lgeren eller i \u00f8vrigt kunne udledes af omst\u00e6ndighederne i forbindelse med k\u00f8bet, for eksempel af oplysninger i annoncer eller brochurer.<br \/>\nHvis ikke s\u00e6lgeren har givet en garanti, kan man kun drage ham til ansvar, hvis k\u00f8beren kan bevise, at der i k\u00f8belovens forstand er en mangel ved bilen, men ikke enhver fejl ved bilen er en mangel i juridisk forstand. Groft sagt vil det v\u00e6re en betingelse, at bilen ikke svarer til, hvad man kunne forvente af en bil af den p\u00e5g\u00e6ldende \u00e5rgang og type og antal k\u00f8rte kilometer. N\u00e5r man k\u00f8ber en \u00e6ldre bil, er der alts\u00e5 ikke n\u00f8dvendigvis tale om en mangel, hvis bilen ikke kan starte f\u00e5 dage efter k\u00f8bet.<br \/>\nAlt dette betyder selvf\u00f8lgelig ikke, at s\u00e6lgeren bare kan fortie fejl ved bilen. Hvis han kender &#8211; eller burde kende &#8211; til en fejl, som har betydning for k\u00f8berens bed\u00f8mmelse af bilen, og han ikke oplyser om den, vil han v\u00e6re ansvarlig. S\u00e5 taler man om, at s\u00e6lgeren har tilsidesat sin &#8220;loyale oplysningspligt&#8221;. Om k\u00f8beren s\u00e5 kan bevise, at s\u00e6lgeren har skjult nogle oplysninger, er en anden sag, men det vil for eksempel kunne ske, hvor s\u00e6lgeren ikke kunne undg\u00e5 at opdage fejlen ved almindelig brug af bilen. Tilsvarende kan s\u00e6lgeren normalt ikke g\u00f8res ansvarlig, hvis det drejer sig om fejl, som k\u00f8beren burde have opdaget, da han kiggede p\u00e5 bilen og fik en pr\u00f8vetur.<\/p>\n<p>I mange tilf\u00e6lde giver en forhandler en garanti over for k\u00f8beren, ligesom der ofte gives en r\u00e6kke oplysninger i slutseddel, annoncer, brochuremateriale med videre. S\u00e5danne oplysninger vil ofte blive sidestillet med en garanti. S\u00e6lgeren vil v\u00e6re ansvarlig for rigtigheden af disse garantier og oplysninger uden hensyn til, om der ellers ville foreligge en mangel.<br \/>\nAf bevism\u00e6ssige grunde er det en god id\u00e9 at sikre sig, at alle garantier &#8211; ogs\u00e5 mundtlige &#8211; bliver skrevet ned i slutsedlen. Ud over egentlige garantier g\u00e6lder det oplysninger om for eksempel bilens stand, udstyr, motorkraft, ydeevne med videre. En garanti fra en s\u00e6lger vil ofte v\u00e6re betinget af, at bilen serviceres og repareres hos s\u00e6lgeren eller en autoriseret forhandler inden for visse intervaller, og, at der udelukkende anvendes originale reservedele.<br \/>\nS\u00e5danne betingelser er som udgangspunkt gyldige, s\u00e5 hvis man ikke overholder dem, bortfalder garantien, men det er vigtigt at v\u00e6re opm\u00e6rksom p\u00e5, at forhandleren alligevel stadig har et ansvar, hvis der er en mangel i henhold til k\u00f8beloven.<br \/>\nOpm\u00e6rksomheden henledes i denne forbindelse p\u00e5, at for nye biler k\u00f8bt efter 1. januar 2003 kan s\u00e5danne nyvognsgarantier ikke betinges af, at service og reparationer udf\u00f8res p\u00e5 autoriseret v\u00e6rksted under anvendelse af originale reservedele. Er der imidlertid tale om garantiarbejde eller anden form for gratisarbejde, skal der dog anvendes autoriseret reparat\u00f8r.<\/p>\n<p>K\u00f8beloven indeholder en bestemmelse om, at s\u00e5fremt en k\u00f8bt bil lider af en mangel og denne mangel konstateres inden 6 m\u00e5neder efter leveringen, formodes denne mangel ogs\u00e5 at have v\u00e6ret til stede p\u00e5 leveringstidspunktet. Denne formodningsregel g\u00e6lder dog kun s\u00e5fremt dette er foreneligt med salgsgenstandens art, hvilket ofte men ikke altid vil v\u00e6re tilf\u00e6ldet ved k\u00f8b af en bil.<br \/>\nFormodningsreglen er endvidere betinget af, at manglens karakter ikke er uforenelig hermed. Det er imidlertid vigtigt at fastsl\u00e5, at denne formodningsregel alene er en formodningsregel og ikke nogen egentlig garanti for k\u00f8ber.<\/p>\n<p>Reklamation<br \/>\nHvis man vil reklamere over noget ved den k\u00f8bte bil, skal det ske inden for visse frister. Dette er fastsat i k\u00f8beloven, men det er ikke angivet pr\u00e6cist, hvor lang fristen er. Det afh\u00e6nger af, om bilen er k\u00f8bt privat eller hos en forhandler og af de \u00f8vrige konkrete omst\u00e6ndigheder. I forbrugerk\u00f8b er det nu bestemt, at en reklamation altid er rettidig, s\u00e5fremt k\u00f8beren reklamerer inden 2 m\u00e5neder efter, at k\u00f8ber har eller burde have opdaget manglen.<br \/>\nDet vil f\u00f8re for vidt at komme n\u00e6rmere ind p\u00e5 reklamationsfristens l\u00e6ngde, men det m\u00e5 under alle omst\u00e6ndigheder anbefales at reklamere, s\u00e5 snart man opdager manglen. Ellers risikerer man at miste kravet mod s\u00e6lgeren. K\u00f8beren har bevisbyrden for, at der er reklameret rettidigt, s\u00e5 det er en god id\u00e9 at reklamere skriftligt med n\u00e6rmere beskrivelse af manglen, s\u00e5 man har dokumentation for, at s\u00e6lgeren har modtaget reklamationen. Man kan for eksempel sende brevet anbefalet eller f\u00e5 s\u00e6lgeren til at kvittere for modtagelsen.<\/p>\n<p>For\u00e6ldelsesfrist<br \/>\nIf\u00f8lge K\u00f8beloven for\u00e6ldes s\u00e6lgerens ansvar to \u00e5r efter, at bilen er leveret.<br \/>\nS\u00e6lgeren kan dog p\u00e5tage sig at v\u00e6re ansvarlig i l\u00e6ngere tid, for eksempel, hvis man aftaler en garanti, der l\u00f8ber ud over to \u00e5r. Det vil v\u00e6re en god id\u00e9 &#8211; men som regel ogs\u00e5 vanskeligt &#8211; at f\u00e5 en udvidelse af garantiperioden, n\u00e5r det drejer sig om nyere og is\u00e6r fabriksnye biler, hvor k\u00f8beren forventer, at bilen k\u00f8rer uden fejl i mere end to \u00e5r.<\/p>\n<p>Mangler ved bilen &#8211; Juraguide &#8211; Hvad er en mangel ved en brugt bil<br \/>\nIkke enhver fejl ved en bil er en mangel i juridisk forstand. Grundl\u00e6ggende afh\u00e6nger sp\u00f8rgsm\u00e5let af parternes aftale og s\u00e6lgerens oplysninger i forbindelse med k\u00f8bet &#8211; og naturligvis af bilens alder og kilometertal.<br \/>\nSlitage og alder er ikke en mangel<\/p>\n<p>Hvis ikke andet fremg\u00e5r af parternes aftale eller s\u00e6lgerens \u00f8vrige oplysninger, vil s\u00e6lgeren kun v\u00e6re ansvarlig, hvis bilen er i ringere stand, end k\u00f8beren kunne forvente. Det er imidlertid sj\u00e6ldent, at parternes aftale med videre ikke indeholder relevante oplysninger.<br \/>\nI praksis vil parternes aftale og de \u00f8vrige oplysninger, som s\u00e6lgeren har givet i forbindelse med k\u00f8bet, derfor v\u00e6re afg\u00f8rende for, om der er en mangel ved bilen. Dette vil typisk v\u00e6re i slutsedlen, men ogs\u00e5 oplysninger i annoncer, brochuremateriale og lignende vil have v\u00e6sentlig betydning.<br \/>\nUdover s\u00e6lgerens oplysninger i for eksempel kontrakten, vil navnlig bilens alder og kilometertal have afg\u00f8rende betydning for, om en opst\u00e5et fejl ved bilen er en mangel, som s\u00e6lgeren er ansvarlig for. Almindelig slitage og fejl, som er forventelige for en bil af den p\u00e5g\u00e6ldende alder og kilometertal med videre, er eksempelvis ikke en mangel.<br \/>\nFejl k\u00f8beren selv kender til<\/p>\n<p>Tilsvarende kan k\u00f8beren ikke p\u00e5ber\u00e5be sig fejl ved bilen, som han opdagede &#8211; eller burde have opdaget forud for k\u00f8bet, for eksempel da han s\u00e5 p\u00e5 bilen og fik en pr\u00f8vetur.<\/p>\n","protected":false},"excerpt":{"rendered":"<p>Porsinggaard Biler\u00a0 f\u00f8lger naturligvis den nye K\u00f8belov der blev indf\u00f8rt 1\/1-2002. L\u00e6s om k\u00f8beloven her [&hellip;]<\/p>\n","protected":false},"author":1,"featured_media":0,"parent":0,"menu_order":0,"comment_status":"closed","ping_status":"closed","template":"pagetemplate-sidebar-left.php","meta":{"footnotes":""},"class_list":["post-569","page","type-page","status-publish","hentry"],"yoast_head":"<!-- This site is optimized with the Yoast SEO plugin v24.8 - https:\/\/yoast.com\/wordpress\/plugins\/seo\/ -->\n<title>Garanti - Porsinggaard Biler<\/title>\n<meta name=\"robots\" content=\"index, follow, max-snippet:-1, max-image-preview:large, max-video-preview:-1\" \/>\n<link rel=\"canonical\" href=\"https:\/\/porsinggaard-biler.dk\/index.php\/garanti\" \/>\n<meta property=\"og:locale\" content=\"da_DK\" \/>\n<meta property=\"og:type\" content=\"article\" \/>\n<meta property=\"og:title\" content=\"Garanti - Porsinggaard Biler\" \/>\n<meta property=\"og:description\" content=\"Porsinggaard Biler\u00a0 f\u00f8lger naturligvis den nye K\u00f8belov der blev indf\u00f8rt 1\/1-2002. L\u00e6s om k\u00f8beloven her [&hellip;]\" \/>\n<meta property=\"og:url\" content=\"https:\/\/porsinggaard-biler.dk\/index.php\/garanti\" \/>\n<meta property=\"og:site_name\" content=\"Porsinggaard Biler\" \/>\n<meta property=\"article:modified_time\" content=\"2017-08-29T10:51:33+00:00\" \/>\n<meta name=\"twitter:card\" content=\"summary_large_image\" \/>\n<meta name=\"twitter:label1\" content=\"Estimeret l\u00e6setid\" \/>\n\t<meta name=\"twitter:data1\" content=\"8 minutter\" \/>\n<script type=\"application\/ld+json\" class=\"yoast-schema-graph\">{\"@context\":\"https:\/\/schema.org\",\"@graph\":[{\"@type\":\"WebPage\",\"@id\":\"https:\/\/porsinggaard-biler.dk\/index.php\/garanti\",\"url\":\"https:\/\/porsinggaard-biler.dk\/index.php\/garanti\",\"name\":\"Garanti - Porsinggaard Biler\",\"isPartOf\":{\"@id\":\"https:\/\/porsinggaard-biler.dk\/#website\"},\"datePublished\":\"2015-11-13T10:39:11+00:00\",\"dateModified\":\"2017-08-29T10:51:33+00:00\",\"breadcrumb\":{\"@id\":\"https:\/\/porsinggaard-biler.dk\/index.php\/garanti#breadcrumb\"},\"inLanguage\":\"da-DK\",\"potentialAction\":[{\"@type\":\"ReadAction\",\"target\":[\"https:\/\/porsinggaard-biler.dk\/index.php\/garanti\"]}]},{\"@type\":\"BreadcrumbList\",\"@id\":\"https:\/\/porsinggaard-biler.dk\/index.php\/garanti#breadcrumb\",\"itemListElement\":[{\"@type\":\"ListItem\",\"position\":1,\"name\":\"Hjem\",\"item\":\"https:\/\/porsinggaard-biler.dk\/\"},{\"@type\":\"ListItem\",\"position\":2,\"name\":\"Garanti\"}]},{\"@type\":\"WebSite\",\"@id\":\"https:\/\/porsinggaard-biler.dk\/#website\",\"url\":\"https:\/\/porsinggaard-biler.dk\/\",\"name\":\"Porsinggaard Biler\",\"description\":\"Find din brugte bil hos os\",\"publisher\":{\"@id\":\"https:\/\/porsinggaard-biler.dk\/#organization\"},\"potentialAction\":[{\"@type\":\"SearchAction\",\"target\":{\"@type\":\"EntryPoint\",\"urlTemplate\":\"https:\/\/porsinggaard-biler.dk\/?s={search_term_string}\"},\"query-input\":{\"@type\":\"PropertyValueSpecification\",\"valueRequired\":true,\"valueName\":\"search_term_string\"}}],\"inLanguage\":\"da-DK\"},{\"@type\":\"Organization\",\"@id\":\"https:\/\/porsinggaard-biler.dk\/#organization\",\"name\":\"Porsinggaard Biler\",\"url\":\"https:\/\/porsinggaard-biler.dk\/\",\"logo\":{\"@type\":\"ImageObject\",\"inLanguage\":\"da-DK\",\"@id\":\"https:\/\/porsinggaard-biler.dk\/#\/schema\/logo\/image\/\",\"url\":\"https:\/\/porsinggaard-biler.dk\/wp-content\/uploads\/2015\/11\/log21.png\",\"contentUrl\":\"https:\/\/porsinggaard-biler.dk\/wp-content\/uploads\/2015\/11\/log21.png\",\"width\":600,\"height\":110,\"caption\":\"Porsinggaard Biler\"},\"image\":{\"@id\":\"https:\/\/porsinggaard-biler.dk\/#\/schema\/logo\/image\/\"}}]}<\/script>\n<!-- \/ Yoast SEO plugin. -->","yoast_head_json":{"title":"Garanti - Porsinggaard Biler","robots":{"index":"index","follow":"follow","max-snippet":"max-snippet:-1","max-image-preview":"max-image-preview:large","max-video-preview":"max-video-preview:-1"},"canonical":"https:\/\/porsinggaard-biler.dk\/index.php\/garanti","og_locale":"da_DK","og_type":"article","og_title":"Garanti - Porsinggaard Biler","og_description":"Porsinggaard Biler\u00a0 f\u00f8lger naturligvis den nye K\u00f8belov der blev indf\u00f8rt 1\/1-2002. L\u00e6s om k\u00f8beloven her [&hellip;]","og_url":"https:\/\/porsinggaard-biler.dk\/index.php\/garanti","og_site_name":"Porsinggaard Biler","article_modified_time":"2017-08-29T10:51:33+00:00","twitter_card":"summary_large_image","twitter_misc":{"Estimeret l\u00e6setid":"8 minutter"},"schema":{"@context":"https:\/\/schema.org","@graph":[{"@type":"WebPage","@id":"https:\/\/porsinggaard-biler.dk\/index.php\/garanti","url":"https:\/\/porsinggaard-biler.dk\/index.php\/garanti","name":"Garanti - Porsinggaard Biler","isPartOf":{"@id":"https:\/\/porsinggaard-biler.dk\/#website"},"datePublished":"2015-11-13T10:39:11+00:00","dateModified":"2017-08-29T10:51:33+00:00","breadcrumb":{"@id":"https:\/\/porsinggaard-biler.dk\/index.php\/garanti#breadcrumb"},"inLanguage":"da-DK","potentialAction":[{"@type":"ReadAction","target":["https:\/\/porsinggaard-biler.dk\/index.php\/garanti"]}]},{"@type":"BreadcrumbList","@id":"https:\/\/porsinggaard-biler.dk\/index.php\/garanti#breadcrumb","itemListElement":[{"@type":"ListItem","position":1,"name":"Hjem","item":"https:\/\/porsinggaard-biler.dk\/"},{"@type":"ListItem","position":2,"name":"Garanti"}]},{"@type":"WebSite","@id":"https:\/\/porsinggaard-biler.dk\/#website","url":"https:\/\/porsinggaard-biler.dk\/","name":"Porsinggaard Biler","description":"Find din brugte bil hos os","publisher":{"@id":"https:\/\/porsinggaard-biler.dk\/#organization"},"potentialAction":[{"@type":"SearchAction","target":{"@type":"EntryPoint","urlTemplate":"https:\/\/porsinggaard-biler.dk\/?s={search_term_string}"},"query-input":{"@type":"PropertyValueSpecification","valueRequired":true,"valueName":"search_term_string"}}],"inLanguage":"da-DK"},{"@type":"Organization","@id":"https:\/\/porsinggaard-biler.dk\/#organization","name":"Porsinggaard Biler","url":"https:\/\/porsinggaard-biler.dk\/","logo":{"@type":"ImageObject","inLanguage":"da-DK","@id":"https:\/\/porsinggaard-biler.dk\/#\/schema\/logo\/image\/","url":"https:\/\/porsinggaard-biler.dk\/wp-content\/uploads\/2015\/11\/log21.png","contentUrl":"https:\/\/porsinggaard-biler.dk\/wp-content\/uploads\/2015\/11\/log21.png","width":600,"height":110,"caption":"Porsinggaard Biler"},"image":{"@id":"https:\/\/porsinggaard-biler.dk\/#\/schema\/logo\/image\/"}}]}},"_links":{"self":[{"href":"https:\/\/porsinggaard-biler.dk\/index.php\/wp-json\/wp\/v2\/pages\/569","targetHints":{"allow":["GET"]}}],"collection":[{"href":"https:\/\/porsinggaard-biler.dk\/index.php\/wp-json\/wp\/v2\/pages"}],"about":[{"href":"https:\/\/porsinggaard-biler.dk\/index.php\/wp-json\/wp\/v2\/types\/page"}],"author":[{"embeddable":true,"href":"https:\/\/porsinggaard-biler.dk\/index.php\/wp-json\/wp\/v2\/users\/1"}],"replies":[{"embeddable":true,"href":"https:\/\/porsinggaard-biler.dk\/index.php\/wp-json\/wp\/v2\/comments?post=569"}],"version-history":[{"count":3,"href":"https:\/\/porsinggaard-biler.dk\/index.php\/wp-json\/wp\/v2\/pages\/569\/revisions"}],"predecessor-version":[{"id":3080,"href":"https:\/\/porsinggaard-biler.dk\/index.php\/wp-json\/wp\/v2\/pages\/569\/revisions\/3080"}],"wp:attachment":[{"href":"https:\/\/porsinggaard-biler.dk\/index.php\/wp-json\/wp\/v2\/media?parent=569"}],"curies":[{"name":"wp","href":"https:\/\/api.w.org\/{rel}","templated":true}]}}